{"id":140,"date":"2019-06-13T11:35:07","date_gmt":"2019-06-13T09:35:07","guid":{"rendered":"https:\/\/contrastudio.co\/?page_id=140"},"modified":"2022-02-09T11:43:44","modified_gmt":"2022-02-09T10:43:44","slug":"avis-legal","status":"publish","type":"page","link":"https:\/\/contrastudio.co\/ca\/avis-legal\/","title":{"rendered":"Av\u00eds legal"},"content":{"rendered":"\t\t<div data-elementor-type=\"wp-post\" data-elementor-id=\"140\" class=\"elementor elementor-140\" data-elementor-post-type=\"page\">\n\t\t\t\t\t\t<section class=\"has_ae_slider elementor-section elementor-top-section elementor-element elementor-element-f3dbacb primera_seccio_pagina_header elementor-section-boxed elementor-section-height-default elementor-section-height-default ae-bg-gallery-type-default\" data-id=\"f3dbacb\" data-element_type=\"section\">\n\t\t\t\t\t\t<div class=\"elementor-container elementor-column-gap-default\">\n\t\t\t\t\t<div class=\"has_ae_slider elementor-column elementor-col-100 elementor-top-column elementor-element elementor-element-ae01349 ae-bg-gallery-type-default\" data-id=\"ae01349\" data-element_type=\"column\">\n\t\t\t<div class=\"elementor-widget-wrap elementor-element-populated\">\n\t\t\t\t\t\t<div class=\"elementor-element elementor-element-1695829 mida16 elementor-widget elementor-widget-text-editor\" data-id=\"1695829\" data-element_type=\"widget\" data-widget_type=\"text-editor.default\">\n\t\t\t\t<div class=\"elementor-widget-container\">\n\t\t\t\t\t\t\t\t\t<h1>Legalitat<\/h1><p>La p\u00e0gina web www.contrastudio.co \u00e9s titularitat de Cristina Puigdell\u00edvol Palau i compleix amb els requisits derivats de la Llei 34\/2002, d\u201911 de juliol, de Serveis de la Societat de la Informaci\u00f3 i de Comer\u00e7 Electr\u00f2nic, del Reial decret-llei 13\/2012, de 30 de mar\u00e7, aix\u00ed com de l\u2019obligaci\u00f3 d\u2019Informaci\u00f3 a l\u2019usuari contemplada en la Llei Org\u00e0nica 15\/1999, de 13 de desembre, de Protecci\u00f3 de Dades de Car\u00e0cter Personal.<\/p><p>Ra\u00f3 Social: Cristina Puigdell\u00edvol Palau<br \/>Domicili social: Rambla Sant Nebridi 39, 2-2<br \/>08222 &#8211; Terrassa<br \/>N.I.F.\/C.I.F.: 45478039R<br \/>Tel\u00e8fon: +34 633 079 538<\/p><h2>Pol\u00edtica de privacitat<\/h2><p>D\u2019acord amb la normativa vigent en mat\u00e8ria de protecci\u00f3 de dades aix\u00ed com en mat\u00e8ria de serveis de la societat de la informaci\u00f3 i de comer\u00e7 electr\u00f2nic, l\u2019usuari accepta que les dades personals aportades a la Web, o qualsevol un altre facilitat a Cristina Puigdell\u00edvol Palau per al seu acc\u00e9s a alguns dels serveis siguin incorporats a fitxers titularitat de Cristina Puigdell\u00edvol Palau, amb la finalitat de facilitar la prestaci\u00f3 dels serveis sol\u00b7licitats, per a la correcta identificaci\u00f3 dels usuaris que sol\u00b7liciten serveis personalitzats a la Web, per a la gesti\u00f3 de tasques b\u00e0siques d\u2019administraci\u00f3, aix\u00ed com per mantenir-li informat, b\u00e9 per correu electr\u00f2nic b\u00e9 per qualsevol un altre mitj\u00e0, de novetats, productes i serveis relacionats amb Cristina Puigdell\u00edvol Palau En el cas de comunicacions comercials a trav\u00e9s de correu electr\u00f2nic o mitj\u00e0 equivalent, l\u2019usuari presta el seu consentiment expr\u00e9s per a l\u2019enviament de publicitat a trav\u00e9s de dita mitjana.<\/p><p>Cristina Puigdell\u00edvol Palau es compromet al compliment de la seva obligaci\u00f3 de secret de les dades de car\u00e0cter personal i del seu deure tractar-los amb confidencialitat, i assumeix, a aquests efectes, les mesures d\u2019\u00edndole t\u00e8cnica, organitzativa i de seguretat necess\u00e0ries per evitar la seva alteraci\u00f3, p\u00e8rdua, tractament o acc\u00e9s no autoritzat, d\u2019acord amb l\u2019establert en la Llei Org\u00e0nica 15\/1999 de 13 de desembre, de Protecci\u00f3 de Dades de Car\u00e0cter Personal, i altra legislaci\u00f3 aplicable. L\u2019usuari respondr\u00e0, en qualsevol cas, de la veracitat de les dades facilitades, reservant-se el Cristina Puigdell\u00edvol Palau el dret a excloure dels serveis registrats a tot usuari que hagi facilitat dades falses, sense perjudici de les altres accions que procedeixin en Dret.<\/p><p>Qualsevol usuari pot a qualsevol moment exercitar els seus drets d\u2019acc\u00e9s, rectificaci\u00f3, cancel\u00b7laci\u00f3 i oposici\u00f3, mitjan\u00e7ant un escrit, acreditant la seva identitat, mitjan\u00e7ant fotoc\u00f2pia del DNI, i especificant el dret a exercitar.<\/p><p>Els usuaris accepten expressament i de forma lliure i inequ\u00edvoca que les seves dades personals siguin tractats per part de www.contrastudio.co per realitzar les seg\u00fcents finalitats:<\/p><p>\u2013 Remissi\u00f3 de comunicacions comercials publicit\u00e0ries per e-mail, fax, SMS, MMS, comunitats socials o qualssevol altre mitj\u00e0 electr\u00f2nic o f\u00edsic, present o futur, que possibiliti realitzar comunicacions comercials. Aquestes comunicacions comercials seran relacionades sobre productes o serveis oferts per www.contrastudio.co, aix\u00ed com per part dels col\u00b7laboradors amb els quals aquest hagu\u00e9s aconseguit algun acord de promoci\u00f3 comercial entre els seus clients. En aquest cas, els tercers mai tindran acc\u00e9s a les dades personals.<\/p><p>En tot cas les comunicacions comercials seran realitzades per part del prestador i seran de productes i serveis relacionats amb el sector del prestador.<\/p><p>\u2013 Realitzar estudis estad\u00edstics.<\/p><p>\u2013 Tramitar enc\u00e0rrecs, sol\u00b7licituds o qualsevol tipus de petici\u00f3 que sigui realitzada per l\u2019usuari a trav\u00e9s de qualsevol de les formes de contacte que es posen a la disposici\u00f3 de l\u2019usuari en aquest lloc web.<\/p><p>Cristina Puigdell\u00edvol Palau informa i garanteix expressament als usuaris que mai vendr\u00e0, arrendar\u00e0, compartir\u00e0 o d\u2019alguna altra manera distribuir\u00e0 o posar\u00e0 les seves dades a la disposici\u00f3 de terceres persones i que sempre que fora a realitzar-se algun tipus de cessi\u00f3 de dades personals, de forma pr\u00e8via, se sol\u2022licitaria el consentiment expr\u00e9s, informat, i inequ\u00edvoc per part dels titulars.<\/p><p>Propietat intel\u00b7lectual i industrial sobre els continguts de la p\u00e0gina<\/p><p>Tots els elements que formen el lloc web, aix\u00ed com l\u2019estructura, disseny i codi font de la mateixa, s\u00f3n titularitat de l\u2019autor citat i estan protegits per la normativa de propietat intel\u00b7lectual i industrial. Les fotografia allotjades en aquesta web corresponen en la seva total propietat als autors citats al costat d\u2019elles.<\/p><p>No es podran realitzar actes de reproducci\u00f3, modificaci\u00f3, distribuci\u00f3 o comunicaci\u00f3 p\u00fablica del lloc web o algun dels seus elements sense el previ consentiment d\u2019aquesta web.<\/p><p>Els usuaris del lloc web \u00fanicament podran realitzar un \u00fas privat i personal dels continguts d\u2019aquest.<\/p><p>Est\u00e0 absolutament prohibit, l\u2019\u00fas del lloc web o d\u2019algun dels seus elements amb finalitats comercials o il\u00b7l\u00edcits.<\/p><p>Aquesta web no assumir\u00e0 cap responsabilitat derivada de l\u2019\u00fas per tercers del contingut del lloc web i podr\u00e0 exercitar totes les accions civils o penals que li corresponguin en cas d\u2019infracci\u00f3 d\u2019aquests drets per part de l\u2019usuari.<\/p><p>Modificacions<\/p><p>Amb la finalitat de millorar les prestacions del lloc web, es reserva el dret, a qualsevol moment i sense pr\u00e8via notificaci\u00f3 a l\u2019usuari, a modificar ampliar o suspendre temporalment la presentaci\u00f3, configuraci\u00f3, especificacions t\u00e8cniques i serveis del lloc web, de forma unilateral.<\/p><p>Aix\u00ed mateix es reserva el dret de modificar a qualsevol moment les presents condicions d\u2019\u00fas aix\u00ed com qualssevol altres condicions particulars.<\/p><p>Exclusi\u00f3 de responsabilitat<\/p><p>Aquesta web no es responsabilitza dels eventuals errors tipogr\u00e0fics, formals o num\u00e8rics que pugui contenir el lloc web, ni de l\u2019exactitud de la informaci\u00f3 continguda en ell, aix\u00ed com tampoc ho fa d\u2019opinions identificades o an\u00f2nimes abocades per persones i\/o entitats en aquest website. En cas de lloguer, arrendament parcial i\/o total i venda d\u2019aquesta web excloem tot tipus de responsabilitat del contingut i veracitat en ella inserit, sent la responsabilitat total i absoluta per part del comprador\/arrendatari.<\/p><p>Hiperenlla\u00e7os<\/p><p>Pels hiperenlla\u00e7os continguts en el lloc web que poden dirigir a p\u00e0gines web de tercers, no s\u2019assumeix cap responsabilitat pel contingut, informacions o serveis que poguessin apar\u00e8ixer en aquests llocs, que tindran exclusivament car\u00e0cter informatiu i que en cap cas impliquen relaci\u00f3 alguna entre aquesta web i a les persones o entitats titulars de tals continguts o titulars dels llocs on es trobin.<\/p><h2>Pol\u00edtica de cookies<\/h2><p>Una cookie \u00e9s un petit fitxer de text que s\u2019emmagatzema en el seu navegador quan visita gaireb\u00e9 qualsevol p\u00e0gina web. La seva utilitat \u00e9s que la web sigui capa\u00e7 de recordar la seva visita quan torni a navegar per aquesta p\u00e0gina. Les cookies solen emmagatzemar informaci\u00f3 de car\u00e0cter t\u00e8cnic, prefer\u00e8ncies personals, personalitzaci\u00f3 de continguts, estad\u00edstiques d\u2019\u00fas, enlla\u00e7os a xarxes socials, acc\u00e9s a comptes d\u2019usuari, etc. L\u2019objectiu de la cookie \u00e9s adaptar el contingut de la web al seu perfil i necessitats, sense cookies els serveis oferts per qualsevol p\u00e0gina es veurien minvats notablement.<\/p><p>Cookies utilitzades en aquest lloc web<\/p><p>Seguint les directrius de l\u2019Ag\u00e8ncia Espanyola de Protecci\u00f3 de Dades procedim a detallar l\u2019\u00fas de cookies que fa aquesta web amb la finalitat d\u2019informar-li amb la m\u00e0xima exactitud possible.<\/p><p>Aquest lloc web utilitza les seg\u00fcents cookies pr\u00f2pies:<\/p><p>Cookies de sessi\u00f3, per garantir que els usuaris que escriguin comentaris en el blog siguin humans i no aplicacions automatitzades. D\u2019aquesta forma es combat el spam.<\/p><p>Aquest lloc web utilitza les seg\u00fcents cookies de tercers:<\/p><p>Google Analytics: Emmagatzema cookies per poder elaborar estad\u00edstiques sobre el tr\u00e0fic i volum de visites d\u2019aquesta web. En utilitzar aquest lloc web est\u00e0 consentint el tractament d\u2019informaci\u00f3 sobre vost\u00e8 per Google. Per tant, l\u2019exercici de qualsevol dret en aquest sentit haur\u00e0 de fer-ho comunicant directament amb Google.<\/p><p>Xarxes socials: Cada xarxa social utilitza les seves pr\u00f2pies cookies perqu\u00e8 vost\u00e8 pugui punxar en botons del tipus M\u2019agrada o Compartir.<\/p><p>&#8211; Twitter<\/p><p>&#8211; Linkedin<\/p><p>&#8211; Instagram<\/p><p>&#8211; Behance<\/p><p>Desactivaci\u00f3 o eliminaci\u00f3 de cookies<\/p><p>A qualsevol moment podr\u00e0 exercir el seu dret de desactivaci\u00f3 o eliminaci\u00f3 de cookies d\u2019aquest lloc web. Aquestes accions es realitzen de forma diferent en funci\u00f3 del navegador que estigui usant.<\/p><p>Notes addicionals<\/p><p>Ni aquesta web ni els seus representants legals es fan responsables ni del contingut ni de la veracitat de les pol\u00edtiques de privadesa que puguin tenir els tercers esmentats en aquesta pol\u00edtica de cookies.<\/p><p>Els navegadors web s\u00f3n les eines encarregades d\u2019emmagatzemar les cookies i des d\u2019aquest lloc ha d\u2019efectuar el seu dret a eliminaci\u00f3 o desactivaci\u00f3 de les mateixes. Ni aquesta web ni els seus representants legals poden garantir la correcta o incorrecta manipulaci\u00f3 de lescookies per part dels esmentats navegadors.<\/p><p>En alguns casos \u00e9s necessari instal\u00b7lar cookies perqu\u00e8 el navegador no oblidi la seva decisi\u00f3 de no acceptaci\u00f3 de les mateixes.<\/p><p>En el cas de les cookies de Google Analytics, aquesta empresa emmagatzema les cookies en servidors situats a Estats Units i es compromet a no compartir-la amb tercers, excepte en els casos en els quals sigui necessari per al funcionament del sistema o quan la llei obligui a aquest efecte. Segons Google no guarda la seva adre\u00e7a IP. Google Inc. \u00e9s una companyia adherida a l\u2019Acord de Port Segur que garanteix que totes les dades transferides seran tractats amb un nivell de protecci\u00f3 concorde a la normativa europea. Pot consultar informaci\u00f3 detallada referent a aix\u00f2 en aquest enlla\u00e7. Si desitja informaci\u00f3 sobre l\u2019\u00fas que Google d\u00f3na a les cookies li adjuntem aquest altre enlla\u00e7.<\/p><p>Per a qualsevol dubte o consulta sobre aquesta pol\u00edtica de cookies no dubti a comunicar-se amb nosaltres a trav\u00e9s de la secci\u00f3 de contacte.<\/p>\t\t\t\t\t\t\t\t<\/div>\n\t\t\t\t<\/div>\n\t\t\t\t\t<\/div>\n\t\t<\/div>\n\t\t\t\t\t<\/div>\n\t\t<\/section>\n\t\t\t\t<\/div>\n\t\t","protected":false},"excerpt":{"rendered":"<p>Legalitat La p\u00e0gina web www.contrastudio.co \u00e9s titularitat de Cristina Puigdell\u00edvol Palau i compleix amb els requisits derivats de la Llei 34\/2002, d\u201911 de juliol, de Serveis de la Societat de la Informaci\u00f3 i de Comer\u00e7 Electr\u00f2nic, del Reial decret-llei 13\/2012, de 30 de mar\u00e7, aix\u00ed com de l\u2019obligaci\u00f3 d\u2019Informaci\u00f3 a l\u2019usuari contemplada en la Llei &#8230; <a title=\"Av\u00eds legal\" class=\"read-more\" href=\"https:\/\/contrastudio.co\/ca\/avis-legal\/\" aria-label=\"M\u00e9s informaci\u00f3 sobre Av\u00eds legal\">Llegiu m\u00e9s<\/a><\/p>\n","protected":false},"author":1,"featured_media":0,"parent":0,"menu_order":0,"comment_status":"closed","ping_status":"closed","template":"","meta":{"_acf_changed":false,"footnotes":""},"class_list":["post-140","page","type-page","status-publish"],"acf":[],"yoast_head":"<!-- This site is optimized with the Yoast SEO plugin v26.8 - https:\/\/yoast.com\/product\/yoast-seo-wordpress\/ -->\n<title>Contra Studio - Av\u00eds legal<\/title>\n<meta name=\"description\" content=\"Estudio de dise\u00f1o gr\u00e1fico especializado en identidades visuales, packaging, web, dise\u00f1o editorial, comunicaci\u00f3n online y offline, se\u00f1al\u00e9tica y motion graphics.\" \/>\n<meta name=\"robots\" content=\"noindex, follow\" \/>\n<meta property=\"og:locale\" content=\"ca_ES\" \/>\n<meta property=\"og:type\" content=\"article\" \/>\n<meta property=\"og:title\" content=\"Contra Studio\" \/>\n<meta property=\"og:description\" content=\"Estudio de dise\u00f1o gr\u00e1fico especializado en identidades visuales, packaging, web, dise\u00f1o editorial, comunicaci\u00f3n online y offline, se\u00f1al\u00e9tica y motion graphics.\" \/>\n<meta property=\"og:url\" content=\"https:\/\/contrastudio.co\/ca\/avis-legal\/\" \/>\n<meta property=\"og:site_name\" content=\"Contra Studio\" \/>\n<meta property=\"article:modified_time\" content=\"2022-02-09T10:43:44+00:00\" \/>\n<meta property=\"og:image\" content=\"https:\/\/contrastudio.co\/ca\/wp-content\/uploads\/sites\/2\/ContraStudio-XXSS.jpg\" \/>\n\t<meta property=\"og:image:width\" content=\"1200\" \/>\n\t<meta property=\"og:image:height\" content=\"1200\" \/>\n\t<meta property=\"og:image:type\" content=\"image\/jpeg\" \/>\n<meta name=\"twitter:card\" content=\"summary_large_image\" \/>\n<meta name=\"twitter:title\" content=\"Contra Studio\" \/>\n<meta name=\"twitter:description\" content=\"Estudio de dise\u00f1o gr\u00e1fico especializado en identidades visuales, packaging, web, dise\u00f1o editorial, comunicaci\u00f3n online y offline, se\u00f1al\u00e9tica y motion graphics.\" \/>\n<meta name=\"twitter:image\" content=\"https:\/\/contrastudio.co\/ca\/wp-content\/uploads\/sites\/2\/ContraStudio-XXSS.jpg\" \/>\n<meta name=\"twitter:label1\" content=\"Temps estimat de lectura\" \/>\n\t<meta name=\"twitter:data1\" content=\"9 minuts\" \/>\n<script type=\"application\/ld+json\" class=\"yoast-schema-graph\">{\"@context\":\"https:\/\/schema.org\",\"@graph\":[{\"@type\":\"WebPage\",\"@id\":\"https:\/\/contrastudio.co\/ca\/avis-legal\/\",\"url\":\"https:\/\/contrastudio.co\/ca\/avis-legal\/\",\"name\":\"Contra Studio - Av\u00eds legal\",\"isPartOf\":{\"@id\":\"https:\/\/contrastudio.co\/ca\/#website\"},\"datePublished\":\"2019-06-13T09:35:07+00:00\",\"dateModified\":\"2022-02-09T10:43:44+00:00\",\"description\":\"Estudio de dise\u00f1o gr\u00e1fico especializado en identidades visuales, packaging, web, dise\u00f1o editorial, comunicaci\u00f3n online y offline, se\u00f1al\u00e9tica y motion graphics.\",\"breadcrumb\":{\"@id\":\"https:\/\/contrastudio.co\/ca\/avis-legal\/#breadcrumb\"},\"inLanguage\":\"ca\",\"potentialAction\":[{\"@type\":\"ReadAction\",\"target\":[\"https:\/\/contrastudio.co\/ca\/avis-legal\/\"]}]},{\"@type\":\"BreadcrumbList\",\"@id\":\"https:\/\/contrastudio.co\/ca\/avis-legal\/#breadcrumb\",\"itemListElement\":[{\"@type\":\"ListItem\",\"position\":1,\"name\":\"Inici\",\"item\":\"https:\/\/contrastudio.co\/ca\/\"},{\"@type\":\"ListItem\",\"position\":2,\"name\":\"Av\u00eds legal\"}]},{\"@type\":\"WebSite\",\"@id\":\"https:\/\/contrastudio.co\/ca\/#website\",\"url\":\"https:\/\/contrastudio.co\/ca\/\",\"name\":\"Contra Studio\",\"description\":\"Dise\u00f1o gr\u00e1fico\",\"publisher\":{\"@id\":\"https:\/\/contrastudio.co\/ca\/#organization\"},\"potentialAction\":[{\"@type\":\"SearchAction\",\"target\":{\"@type\":\"EntryPoint\",\"urlTemplate\":\"https:\/\/contrastudio.co\/ca\/?s={search_term_string}\"},\"query-input\":{\"@type\":\"PropertyValueSpecification\",\"valueRequired\":true,\"valueName\":\"search_term_string\"}}],\"inLanguage\":\"ca\"},{\"@type\":\"Organization\",\"@id\":\"https:\/\/contrastudio.co\/ca\/#organization\",\"name\":\"Contra Studio\",\"url\":\"https:\/\/contrastudio.co\/ca\/\",\"logo\":{\"@type\":\"ImageObject\",\"inLanguage\":\"ca\",\"@id\":\"https:\/\/contrastudio.co\/ca\/#\/schema\/logo\/image\/\",\"url\":\"https:\/\/contrastudio.co\/ca\/wp-content\/uploads\/sites\/2\/ContraStudio-Logo-Web2.svg\",\"contentUrl\":\"https:\/\/contrastudio.co\/ca\/wp-content\/uploads\/sites\/2\/ContraStudio-Logo-Web2.svg\",\"width\":281,\"height\":39,\"caption\":\"Contra Studio\"},\"image\":{\"@id\":\"https:\/\/contrastudio.co\/ca\/#\/schema\/logo\/image\/\"}}]}<\/script>\n<!-- \/ Yoast SEO plugin. -->","yoast_head_json":{"title":"Contra Studio - Av\u00eds legal","description":"Estudio de dise\u00f1o gr\u00e1fico especializado en identidades visuales, packaging, web, dise\u00f1o editorial, comunicaci\u00f3n online y offline, se\u00f1al\u00e9tica y motion graphics.","robots":{"index":"noindex","follow":"follow"},"og_locale":"ca_ES","og_type":"article","og_title":"Contra Studio","og_description":"Estudio de dise\u00f1o gr\u00e1fico especializado en identidades visuales, packaging, web, dise\u00f1o editorial, comunicaci\u00f3n online y offline, se\u00f1al\u00e9tica y motion graphics.","og_url":"https:\/\/contrastudio.co\/ca\/avis-legal\/","og_site_name":"Contra Studio","article_modified_time":"2022-02-09T10:43:44+00:00","og_image":[{"width":1200,"height":1200,"url":"https:\/\/contrastudio.co\/ca\/wp-content\/uploads\/sites\/2\/ContraStudio-XXSS.jpg","type":"image\/jpeg"}],"twitter_card":"summary_large_image","twitter_title":"Contra Studio","twitter_description":"Estudio de dise\u00f1o gr\u00e1fico especializado en identidades visuales, packaging, web, dise\u00f1o editorial, comunicaci\u00f3n online y offline, se\u00f1al\u00e9tica y motion graphics.","twitter_image":"https:\/\/contrastudio.co\/ca\/wp-content\/uploads\/sites\/2\/ContraStudio-XXSS.jpg","twitter_misc":{"Temps estimat de lectura":"9 minuts"},"schema":{"@context":"https:\/\/schema.org","@graph":[{"@type":"WebPage","@id":"https:\/\/contrastudio.co\/ca\/avis-legal\/","url":"https:\/\/contrastudio.co\/ca\/avis-legal\/","name":"Contra Studio - Av\u00eds legal","isPartOf":{"@id":"https:\/\/contrastudio.co\/ca\/#website"},"datePublished":"2019-06-13T09:35:07+00:00","dateModified":"2022-02-09T10:43:44+00:00","description":"Estudio de dise\u00f1o gr\u00e1fico especializado en identidades visuales, packaging, web, dise\u00f1o editorial, comunicaci\u00f3n online y offline, se\u00f1al\u00e9tica y motion graphics.","breadcrumb":{"@id":"https:\/\/contrastudio.co\/ca\/avis-legal\/#breadcrumb"},"inLanguage":"ca","potentialAction":[{"@type":"ReadAction","target":["https:\/\/contrastudio.co\/ca\/avis-legal\/"]}]},{"@type":"BreadcrumbList","@id":"https:\/\/contrastudio.co\/ca\/avis-legal\/#breadcrumb","itemListElement":[{"@type":"ListItem","position":1,"name":"Inici","item":"https:\/\/contrastudio.co\/ca\/"},{"@type":"ListItem","position":2,"name":"Av\u00eds legal"}]},{"@type":"WebSite","@id":"https:\/\/contrastudio.co\/ca\/#website","url":"https:\/\/contrastudio.co\/ca\/","name":"Contra Studio","description":"Dise\u00f1o gr\u00e1fico","publisher":{"@id":"https:\/\/contrastudio.co\/ca\/#organization"},"potentialAction":[{"@type":"SearchAction","target":{"@type":"EntryPoint","urlTemplate":"https:\/\/contrastudio.co\/ca\/?s={search_term_string}"},"query-input":{"@type":"PropertyValueSpecification","valueRequired":true,"valueName":"search_term_string"}}],"inLanguage":"ca"},{"@type":"Organization","@id":"https:\/\/contrastudio.co\/ca\/#organization","name":"Contra Studio","url":"https:\/\/contrastudio.co\/ca\/","logo":{"@type":"ImageObject","inLanguage":"ca","@id":"https:\/\/contrastudio.co\/ca\/#\/schema\/logo\/image\/","url":"https:\/\/contrastudio.co\/ca\/wp-content\/uploads\/sites\/2\/ContraStudio-Logo-Web2.svg","contentUrl":"https:\/\/contrastudio.co\/ca\/wp-content\/uploads\/sites\/2\/ContraStudio-Logo-Web2.svg","width":281,"height":39,"caption":"Contra Studio"},"image":{"@id":"https:\/\/contrastudio.co\/ca\/#\/schema\/logo\/image\/"}}]}},"_links":{"self":[{"href":"https:\/\/contrastudio.co\/ca\/wp-json\/wp\/v2\/pages\/140","targetHints":{"allow":["GET"]}}],"collection":[{"href":"https:\/\/contrastudio.co\/ca\/wp-json\/wp\/v2\/pages"}],"about":[{"href":"https:\/\/contrastudio.co\/ca\/wp-json\/wp\/v2\/types\/page"}],"author":[{"embeddable":true,"href":"https:\/\/contrastudio.co\/ca\/wp-json\/wp\/v2\/users\/1"}],"replies":[{"embeddable":true,"href":"https:\/\/contrastudio.co\/ca\/wp-json\/wp\/v2\/comments?post=140"}],"version-history":[{"count":15,"href":"https:\/\/contrastudio.co\/ca\/wp-json\/wp\/v2\/pages\/140\/revisions"}],"predecessor-version":[{"id":1861,"href":"https:\/\/contrastudio.co\/ca\/wp-json\/wp\/v2\/pages\/140\/revisions\/1861"}],"wp:attachment":[{"href":"https:\/\/contrastudio.co\/ca\/wp-json\/wp\/v2\/media?parent=140"}],"curies":[{"name":"wp","href":"https:\/\/api.w.org\/{rel}","templated":true}]}}