{"id":12,"date":"2019-06-10T20:11:15","date_gmt":"2019-06-10T18:11:15","guid":{"rendered":"https:\/\/contrastudio.co\/?page_id=12"},"modified":"2022-02-02T09:43:51","modified_gmt":"2022-02-02T08:43:51","slug":"home","status":"publish","type":"page","link":"https:\/\/contrastudio.co\/ca\/","title":{"rendered":"Home"},"content":{"rendered":"\t\t<div data-elementor-type=\"wp-post\" data-elementor-id=\"12\" class=\"elementor elementor-12\" data-elementor-post-type=\"page\">\n\t\t\t\t\t\t<section class=\"has_ae_slider elementor-section elementor-top-section elementor-element elementor-element-87a68de elementor-section-full_width elementor-section-height-min-height la_home elementor-section-height-default elementor-section-items-middle ae-bg-gallery-type-default\" data-id=\"87a68de\" data-element_type=\"section\">\n\t\t\t\t\t\t<div class=\"elementor-container elementor-column-gap-default\">\n\t\t\t\t\t<div class=\"has_ae_slider elementor-column elementor-col-100 elementor-top-column elementor-element elementor-element-224f76d ae-bg-gallery-type-default\" data-id=\"224f76d\" data-element_type=\"column\">\n\t\t\t<div class=\"elementor-widget-wrap elementor-element-populated\">\n\t\t\t\t\t\t<div class=\"elementor-element elementor-element-7fd669b elementor--h-position-right elementor--v-position-bottom slide_de_la_home elementor-hidden-phone elementor-hidden-tablet elementor-arrows-position-inside elementor-widget elementor-widget-slides\" data-id=\"7fd669b\" data-element_type=\"widget\" data-settings=\"{&quot;navigation&quot;:&quot;arrows&quot;,&quot;infinite&quot;:&quot;yes&quot;,&quot;transition&quot;:&quot;slide&quot;,&quot;transition_speed&quot;:500}\" data-widget_type=\"slides.default\">\n\t\t\t\t<div class=\"elementor-widget-container\">\n\t\t\t\t\t\t\t\t\t<div class=\"elementor-swiper\">\n\t\t\t\t\t<div class=\"elementor-slides-wrapper elementor-main-swiper swiper\" role=\"region\" aria-roledescription=\"carousel\" aria-label=\"Diapositives\" dir=\"ltr\" data-animation=\"\">\n\t\t\t\t<div class=\"swiper-wrapper elementor-slides\">\n\t\t\t\t\t\t\t\t\t\t<div class=\"elementor-repeater-item-4f3ca64 swiper-slide\" role=\"group\" aria-roledescription=\"slide\"><div class=\"swiper-slide-bg\" role=\"img\"><\/div><div class=\"swiper-slide-inner\" ><div class=\"swiper-slide-contents\"><div class=\"elementor-slide-heading\">Ca la Sisca<\/div><\/div><\/div><\/div><div class=\"elementor-repeater-item-a2f60d4 swiper-slide\" role=\"group\" aria-roledescription=\"slide\"><div class=\"swiper-slide-bg\" role=\"img\"><\/div><div class=\"swiper-slide-inner\" ><div class=\"swiper-slide-contents\"><div class=\"elementor-slide-heading\">Tra\u00e7 Tex Grup<\/div><\/div><\/div><\/div><div class=\"elementor-repeater-item-c96f573 swiper-slide\" role=\"group\" aria-roledescription=\"slide\"><div class=\"swiper-slide-bg\" role=\"img\"><\/div><div class=\"swiper-slide-inner\" ><div class=\"swiper-slide-contents\"><div class=\"elementor-slide-heading\">Work, Knowledge and Subjective Wellbeing<\/div><\/div><\/div><\/div><div class=\"elementor-repeater-item-12650f0 swiper-slide\" role=\"group\" aria-roledescription=\"slide\"><div class=\"swiper-slide-bg\" role=\"img\"><\/div><div class=\"swiper-slide-inner\" ><div class=\"swiper-slide-contents\"><div class=\"elementor-slide-heading\">Wir sehen uns im park<\/div><\/div><\/div><\/div><div class=\"elementor-repeater-item-850af02 swiper-slide\" role=\"group\" aria-roledescription=\"slide\"><div class=\"swiper-slide-bg\" role=\"img\"><\/div><div class=\"swiper-slide-inner\" ><div class=\"swiper-slide-contents\"><div class=\"elementor-slide-heading\">Refugi Artiga de Lin<\/div><\/div><\/div><\/div><div class=\"elementor-repeater-item-ddcb388 swiper-slide\" role=\"group\" aria-roledescription=\"slide\"><div class=\"swiper-slide-bg\" role=\"img\"><\/div><div class=\"swiper-slide-inner\" ><div class=\"swiper-slide-contents\"><div class=\"elementor-slide-heading\">Barcelona Cultura<\/div><\/div><\/div><\/div><div class=\"elementor-repeater-item-8041934 swiper-slide\" role=\"group\" aria-roledescription=\"slide\"><div class=\"swiper-slide-bg\" role=\"img\"><\/div><div class=\"swiper-slide-inner\" ><div class=\"swiper-slide-contents\"><div class=\"elementor-slide-heading\">Patrimoni hist\u00f2ric de Terrassa<\/div><\/div><\/div><\/div><div class=\"elementor-repeater-item-3a264ee swiper-slide\" role=\"group\" aria-roledescription=\"slide\"><div class=\"swiper-slide-bg\" role=\"img\"><\/div><div class=\"swiper-slide-inner\" ><div class=\"swiper-slide-contents\"><div class=\"elementor-slide-heading\">MURE<\/div><\/div><\/div><\/div><div class=\"elementor-repeater-item-c1c8831 swiper-slide\" role=\"group\" aria-roledescription=\"slide\"><div class=\"swiper-slide-bg\" role=\"img\"><\/div><div class=\"swiper-slide-inner\" ><div class=\"swiper-slide-contents\"><div class=\"elementor-slide-heading\">Clos Montblanc<\/div><\/div><\/div><\/div><div class=\"elementor-repeater-item-04a86ef swiper-slide\" role=\"group\" aria-roledescription=\"slide\"><div class=\"swiper-slide-bg\" role=\"img\"><\/div><div class=\"swiper-slide-inner\" ><div class=\"swiper-slide-contents\"><div class=\"elementor-slide-heading\">GOIAT<\/div><\/div><\/div><\/div><div class=\"elementor-repeater-item-cf8369f swiper-slide\" role=\"group\" aria-roledescription=\"slide\"><div class=\"swiper-slide-bg\" role=\"img\"><\/div><div class=\"swiper-slide-inner\" ><div class=\"swiper-slide-contents\"><div class=\"elementor-slide-heading\">11\u00b722<\/div><\/div><\/div><\/div>\t\t\t\t<\/div>\n\t\t\t\t\t\t\t\t\t\t\t\t\t\t\t<div class=\"elementor-swiper-button elementor-swiper-button-prev\" role=\"button\" tabindex=\"0\" aria-label=\"Previous slide\">\n\t\t\t\t\t\t\t<i aria-hidden=\"true\" class=\"eicon-chevron-left\"><\/i>\t\t\t\t\t\t<\/div>\n\t\t\t\t\t\t<div class=\"elementor-swiper-button elementor-swiper-button-next\" role=\"button\" tabindex=\"0\" aria-label=\"Next slide\">\n\t\t\t\t\t\t\t<i aria-hidden=\"true\" class=\"eicon-chevron-right\"><\/i>\t\t\t\t\t\t<\/div>\n\t\t\t\t\t\t\t\t\t\t\t\t\t\t\t\t\t<\/div>\n\t\t\t\t<\/div>\n\t\t\t\t\t\t\t\t<\/div>\n\t\t\t\t<\/div>\n\t\t\t\t<div class=\"elementor-element elementor-element-24fe421 elementor--h-position-right elementor--v-position-bottom slide_de_la_home elementor-hidden-desktop elementor-arrows-position-inside elementor-widget elementor-widget-slides\" data-id=\"24fe421\" data-element_type=\"widget\" data-settings=\"{&quot;navigation&quot;:&quot;arrows&quot;,&quot;autoplay_speed&quot;:3000,&quot;autoplay&quot;:&quot;yes&quot;,&quot;pause_on_interaction&quot;:&quot;yes&quot;,&quot;infinite&quot;:&quot;yes&quot;,&quot;transition&quot;:&quot;slide&quot;,&quot;transition_speed&quot;:500}\" data-widget_type=\"slides.default\">\n\t\t\t\t<div class=\"elementor-widget-container\">\n\t\t\t\t\t\t\t\t\t<div class=\"elementor-swiper\">\n\t\t\t\t\t<div class=\"elementor-slides-wrapper elementor-main-swiper swiper\" role=\"region\" aria-roledescription=\"carousel\" aria-label=\"Diapositives\" dir=\"ltr\" data-animation=\"\">\n\t\t\t\t<div class=\"swiper-wrapper elementor-slides\">\n\t\t\t\t\t\t\t\t\t\t<div class=\"elementor-repeater-item-3152317 swiper-slide\" role=\"group\" aria-roledescription=\"slide\"><div class=\"swiper-slide-bg\" role=\"img\"><\/div><div class=\"swiper-slide-inner\" ><div class=\"swiper-slide-contents\"><\/div><\/div><\/div><div class=\"elementor-repeater-item-0d82372 swiper-slide\" role=\"group\" aria-roledescription=\"slide\"><div class=\"swiper-slide-bg\" role=\"img\"><\/div><div class=\"swiper-slide-inner\" ><div class=\"swiper-slide-contents\"><\/div><\/div><\/div><div class=\"elementor-repeater-item-9e29d28 swiper-slide\" role=\"group\" aria-roledescription=\"slide\"><div class=\"swiper-slide-bg\" role=\"img\"><\/div><div class=\"swiper-slide-inner\" ><div class=\"swiper-slide-contents\"><\/div><\/div><\/div><div class=\"elementor-repeater-item-5c5853e swiper-slide\" role=\"group\" aria-roledescription=\"slide\"><div class=\"swiper-slide-bg\" role=\"img\"><\/div><div class=\"swiper-slide-inner\" ><div class=\"swiper-slide-contents\"><\/div><\/div><\/div><div class=\"elementor-repeater-item-44f9ed7 swiper-slide\" role=\"group\" aria-roledescription=\"slide\"><div class=\"swiper-slide-bg\" role=\"img\"><\/div><div class=\"swiper-slide-inner\" ><div class=\"swiper-slide-contents\"><\/div><\/div><\/div><div class=\"elementor-repeater-item-6ffa695 swiper-slide\" role=\"group\" aria-roledescription=\"slide\"><div class=\"swiper-slide-bg\" role=\"img\"><\/div><div class=\"swiper-slide-inner\" ><div class=\"swiper-slide-contents\"><\/div><\/div><\/div><div class=\"elementor-repeater-item-57f649f swiper-slide\" role=\"group\" aria-roledescription=\"slide\"><div class=\"swiper-slide-bg\" role=\"img\"><\/div><div class=\"swiper-slide-inner\" ><div class=\"swiper-slide-contents\"><\/div><\/div><\/div><div class=\"elementor-repeater-item-4b809cf swiper-slide\" role=\"group\" aria-roledescription=\"slide\"><div class=\"swiper-slide-bg\" role=\"img\"><\/div><div class=\"swiper-slide-inner\" ><div class=\"swiper-slide-contents\"><\/div><\/div><\/div>\t\t\t\t<\/div>\n\t\t\t\t\t\t\t\t\t\t\t\t\t\t\t<div class=\"elementor-swiper-button elementor-swiper-button-prev\" role=\"button\" tabindex=\"0\" aria-label=\"Previous slide\">\n\t\t\t\t\t\t\t<i aria-hidden=\"true\" class=\"eicon-chevron-left\"><\/i>\t\t\t\t\t\t<\/div>\n\t\t\t\t\t\t<div class=\"elementor-swiper-button elementor-swiper-button-next\" role=\"button\" tabindex=\"0\" aria-label=\"Next slide\">\n\t\t\t\t\t\t\t<i aria-hidden=\"true\" class=\"eicon-chevron-right\"><\/i>\t\t\t\t\t\t<\/div>\n\t\t\t\t\t\t\t\t\t\t\t\t\t\t\t\t\t<\/div>\n\t\t\t\t<\/div>\n\t\t\t\t\t\t\t\t<\/div>\n\t\t\t\t<\/div>\n\t\t\t\t\t<\/div>\n\t\t<\/div>\n\t\t\t\t\t<\/div>\n\t\t<\/section>\n\t\t\t\t<section class=\"has_ae_slider elementor-section elementor-top-section elementor-element elementor-element-2176ecf elementor-section-full_width elementor-section-height-min-height la_home elementor-section-items-stretch elementor-hidden-desktop elementor-hidden-tablet elementor-hidden-phone elementor-section-height-default ae-bg-gallery-type-default\" data-id=\"2176ecf\" data-element_type=\"section\" data-settings=\"{&quot;background_background&quot;:&quot;video&quot;,&quot;background_video_link&quot;:&quot;https:\\\/\\\/youtu.be\\\/2Lq4Iu_8Ph8&quot;}\">\n\t\t\t\t\t\t\t\t<div class=\"elementor-background-video-container elementor-hidden-mobile\">\n\t\t\t\t\t\t\t\t\t\t\t\t\t<div class=\"elementor-background-video-embed\"><\/div>\n\t\t\t\t\t\t\t\t\t\t\t\t<\/div>\n\t\t\t\t\t\t\t\t<div class=\"elementor-container elementor-column-gap-default\">\n\t\t\t\t\t<div class=\"has_ae_slider elementor-column elementor-col-100 elementor-top-column elementor-element elementor-element-12c52fc ae-bg-gallery-type-default\" data-id=\"12c52fc\" data-element_type=\"column\">\n\t\t\t<div class=\"elementor-widget-wrap elementor-element-populated\">\n\t\t\t\t\t\t<div class=\"elementor-element elementor-element-57efb3a elementor-widget elementor-widget-spacer\" data-id=\"57efb3a\" data-element_type=\"widget\" data-widget_type=\"spacer.default\">\n\t\t\t\t<div class=\"elementor-widget-container\">\n\t\t\t\t\t\t\t<div class=\"elementor-spacer\">\n\t\t\t<div class=\"elementor-spacer-inner\"><\/div>\n\t\t<\/div>\n\t\t\t\t\t\t<\/div>\n\t\t\t\t<\/div>\n\t\t\t\t<div class=\"elementor-element elementor-element-b029fa6 mida20 akkuratnormal elementor-hidden-phone elementor-widget elementor-widget-heading\" data-id=\"b029fa6\" data-element_type=\"widget\" data-widget_type=\"heading.default\">\n\t\t\t\t<div class=\"elementor-widget-container\">\n\t\t\t\t\t<span class=\"elementor-heading-title elementor-size-default\">Nom del projecte<\/span>\t\t\t\t<\/div>\n\t\t\t\t<\/div>\n\t\t\t\t\t<\/div>\n\t\t<\/div>\n\t\t\t\t\t<\/div>\n\t\t<\/section>\n\t\t\t\t<\/div>\n\t\t","protected":false},"excerpt":{"rendered":"<p>Ca la SiscaTra\u00e7 Tex GrupWork, Knowledge and Subjective WellbeingWir sehen uns im parkRefugi Artiga de LinBarcelona CulturaPatrimoni hist\u00f2ric de TerrassaMUREClos MontblancGOIAT11\u00b722 Previous Next Previous Next Nom del projecte<\/p>\n","protected":false},"author":1,"featured_media":0,"parent":0,"menu_order":0,"comment_status":"closed","ping_status":"closed","template":"","meta":{"_acf_changed":false,"footnotes":""},"class_list":["post-12","page","type-page","status-publish"],"acf":[],"yoast_head":"<!-- This site is optimized with the Yoast SEO plugin v26.8 - https:\/\/yoast.com\/product\/yoast-seo-wordpress\/ -->\n<title>Contra Studio - Estudio de dise\u00f1o gr\u00e1fico<\/title>\n<meta name=\"description\" content=\"Estudio de dise\u00f1o gr\u00e1fico de Terrassa. Nos dedicamos a desarrollar y crear identidades visuales, packaging, web, dise\u00f1o editorial, comunicaci\u00f3n online i offline, se\u00f1al\u00e9tica y motion graphics.\" \/>\n<meta name=\"robots\" content=\"index, follow, max-snippet:-1, max-image-preview:large, max-video-preview:-1\" \/>\n<link rel=\"canonical\" href=\"https:\/\/contrastudio.co\/ca\/\" \/>\n<meta property=\"og:locale\" content=\"ca_ES\" \/>\n<meta property=\"og:type\" content=\"article\" \/>\n<meta property=\"og:title\" content=\"Contra Studio - Estudio de dise\u00f1o gr\u00e1fico\" \/>\n<meta property=\"og:description\" content=\"Estudio de dise\u00f1o gr\u00e1fico de Terrassa. Nos dedicamos a desarrollar y crear identidades visuales, packaging, web, dise\u00f1o editorial, comunicaci\u00f3n online i offline, se\u00f1al\u00e9tica y motion graphics.\" \/>\n<meta property=\"og:url\" content=\"https:\/\/contrastudio.co\/ca\/\" \/>\n<meta property=\"og:site_name\" content=\"Contra Studio\" \/>\n<meta property=\"article:modified_time\" content=\"2022-02-02T08:43:51+00:00\" \/>\n<meta property=\"og:image\" content=\"https:\/\/contrastudio.co\/ca\/wp-content\/uploads\/sites\/2\/ContraStudio-XXSS.jpg\" \/>\n\t<meta property=\"og:image:width\" content=\"1200\" \/>\n\t<meta property=\"og:image:height\" content=\"1200\" \/>\n\t<meta property=\"og:image:type\" content=\"image\/jpeg\" \/>\n<meta name=\"twitter:card\" content=\"summary_large_image\" \/>\n<meta name=\"twitter:title\" content=\"Contra Studio - Estudio de dise\u00f1o gr\u00e1fico\" \/>\n<meta name=\"twitter:description\" content=\"Estudio de dise\u00f1o gr\u00e1fico de Terrassa. Nos dedicamos a desarrollar y crear identidades visuales, packaging, web, dise\u00f1o editorial, comunicaci\u00f3n online i offline, se\u00f1al\u00e9tica y motion graphics.\" \/>\n<meta name=\"twitter:image\" content=\"https:\/\/contrastudio.co\/ca\/wp-content\/uploads\/sites\/2\/ContraStudio-XXSS.jpg\" \/>\n<meta name=\"twitter:label1\" content=\"Temps estimat de lectura\" \/>\n\t<meta name=\"twitter:data1\" content=\"1 minut\" \/>\n<script type=\"application\/ld+json\" class=\"yoast-schema-graph\">{\"@context\":\"https:\/\/schema.org\",\"@graph\":[{\"@type\":\"WebPage\",\"@id\":\"https:\/\/contrastudio.co\/ca\/\",\"url\":\"https:\/\/contrastudio.co\/ca\/\",\"name\":\"Contra Studio - Estudio de dise\u00f1o gr\u00e1fico\",\"isPartOf\":{\"@id\":\"https:\/\/contrastudio.co\/ca\/#website\"},\"datePublished\":\"2019-06-10T18:11:15+00:00\",\"dateModified\":\"2022-02-02T08:43:51+00:00\",\"description\":\"Estudio de dise\u00f1o gr\u00e1fico de Terrassa. Nos dedicamos a desarrollar y crear identidades visuales, packaging, web, dise\u00f1o editorial, comunicaci\u00f3n online i offline, se\u00f1al\u00e9tica y motion graphics.\",\"breadcrumb\":{\"@id\":\"https:\/\/contrastudio.co\/ca\/#breadcrumb\"},\"inLanguage\":\"ca\",\"potentialAction\":[{\"@type\":\"ReadAction\",\"target\":[\"https:\/\/contrastudio.co\/ca\/\"]}]},{\"@type\":\"BreadcrumbList\",\"@id\":\"https:\/\/contrastudio.co\/ca\/#breadcrumb\",\"itemListElement\":[{\"@type\":\"ListItem\",\"position\":1,\"name\":\"Inici\",\"item\":\"https:\/\/contrastudio.co\/ca\/\"},{\"@type\":\"ListItem\",\"position\":2,\"name\":\"Home\"}]},{\"@type\":\"WebSite\",\"@id\":\"https:\/\/contrastudio.co\/ca\/#website\",\"url\":\"https:\/\/contrastudio.co\/ca\/\",\"name\":\"Contra Studio\",\"description\":\"Dise\u00f1o gr\u00e1fico\",\"publisher\":{\"@id\":\"https:\/\/contrastudio.co\/ca\/#organization\"},\"potentialAction\":[{\"@type\":\"SearchAction\",\"target\":{\"@type\":\"EntryPoint\",\"urlTemplate\":\"https:\/\/contrastudio.co\/ca\/?s={search_term_string}\"},\"query-input\":{\"@type\":\"PropertyValueSpecification\",\"valueRequired\":true,\"valueName\":\"search_term_string\"}}],\"inLanguage\":\"ca\"},{\"@type\":\"Organization\",\"@id\":\"https:\/\/contrastudio.co\/ca\/#organization\",\"name\":\"Contra Studio\",\"url\":\"https:\/\/contrastudio.co\/ca\/\",\"logo\":{\"@type\":\"ImageObject\",\"inLanguage\":\"ca\",\"@id\":\"https:\/\/contrastudio.co\/ca\/#\/schema\/logo\/image\/\",\"url\":\"https:\/\/contrastudio.co\/ca\/wp-content\/uploads\/sites\/2\/ContraStudio-Logo-Web2.svg\",\"contentUrl\":\"https:\/\/contrastudio.co\/ca\/wp-content\/uploads\/sites\/2\/ContraStudio-Logo-Web2.svg\",\"width\":281,\"height\":39,\"caption\":\"Contra Studio\"},\"image\":{\"@id\":\"https:\/\/contrastudio.co\/ca\/#\/schema\/logo\/image\/\"}}]}<\/script>\n<!-- \/ Yoast SEO plugin. -->","yoast_head_json":{"title":"Contra Studio - Estudio de dise\u00f1o gr\u00e1fico","description":"Estudio de dise\u00f1o gr\u00e1fico de Terrassa. Nos dedicamos a desarrollar y crear identidades visuales, packaging, web, dise\u00f1o editorial, comunicaci\u00f3n online i offline, se\u00f1al\u00e9tica y motion graphics.","robots":{"index":"index","follow":"follow","max-snippet":"max-snippet:-1","max-image-preview":"max-image-preview:large","max-video-preview":"max-video-preview:-1"},"canonical":"https:\/\/contrastudio.co\/ca\/","og_locale":"ca_ES","og_type":"article","og_title":"Contra Studio - Estudio de dise\u00f1o gr\u00e1fico","og_description":"Estudio de dise\u00f1o gr\u00e1fico de Terrassa. Nos dedicamos a desarrollar y crear identidades visuales, packaging, web, dise\u00f1o editorial, comunicaci\u00f3n online i offline, se\u00f1al\u00e9tica y motion graphics.","og_url":"https:\/\/contrastudio.co\/ca\/","og_site_name":"Contra Studio","article_modified_time":"2022-02-02T08:43:51+00:00","og_image":[{"width":1200,"height":1200,"url":"https:\/\/contrastudio.co\/ca\/wp-content\/uploads\/sites\/2\/ContraStudio-XXSS.jpg","type":"image\/jpeg"}],"twitter_card":"summary_large_image","twitter_title":"Contra Studio - Estudio de dise\u00f1o gr\u00e1fico","twitter_description":"Estudio de dise\u00f1o gr\u00e1fico de Terrassa. Nos dedicamos a desarrollar y crear identidades visuales, packaging, web, dise\u00f1o editorial, comunicaci\u00f3n online i offline, se\u00f1al\u00e9tica y motion graphics.","twitter_image":"https:\/\/contrastudio.co\/ca\/wp-content\/uploads\/sites\/2\/ContraStudio-XXSS.jpg","twitter_misc":{"Temps estimat de lectura":"1 minut"},"schema":{"@context":"https:\/\/schema.org","@graph":[{"@type":"WebPage","@id":"https:\/\/contrastudio.co\/ca\/","url":"https:\/\/contrastudio.co\/ca\/","name":"Contra Studio - Estudio de dise\u00f1o gr\u00e1fico","isPartOf":{"@id":"https:\/\/contrastudio.co\/ca\/#website"},"datePublished":"2019-06-10T18:11:15+00:00","dateModified":"2022-02-02T08:43:51+00:00","description":"Estudio de dise\u00f1o gr\u00e1fico de Terrassa. Nos dedicamos a desarrollar y crear identidades visuales, packaging, web, dise\u00f1o editorial, comunicaci\u00f3n online i offline, se\u00f1al\u00e9tica y motion graphics.","breadcrumb":{"@id":"https:\/\/contrastudio.co\/ca\/#breadcrumb"},"inLanguage":"ca","potentialAction":[{"@type":"ReadAction","target":["https:\/\/contrastudio.co\/ca\/"]}]},{"@type":"BreadcrumbList","@id":"https:\/\/contrastudio.co\/ca\/#breadcrumb","itemListElement":[{"@type":"ListItem","position":1,"name":"Inici","item":"https:\/\/contrastudio.co\/ca\/"},{"@type":"ListItem","position":2,"name":"Home"}]},{"@type":"WebSite","@id":"https:\/\/contrastudio.co\/ca\/#website","url":"https:\/\/contrastudio.co\/ca\/","name":"Contra Studio","description":"Dise\u00f1o gr\u00e1fico","publisher":{"@id":"https:\/\/contrastudio.co\/ca\/#organization"},"potentialAction":[{"@type":"SearchAction","target":{"@type":"EntryPoint","urlTemplate":"https:\/\/contrastudio.co\/ca\/?s={search_term_string}"},"query-input":{"@type":"PropertyValueSpecification","valueRequired":true,"valueName":"search_term_string"}}],"inLanguage":"ca"},{"@type":"Organization","@id":"https:\/\/contrastudio.co\/ca\/#organization","name":"Contra Studio","url":"https:\/\/contrastudio.co\/ca\/","logo":{"@type":"ImageObject","inLanguage":"ca","@id":"https:\/\/contrastudio.co\/ca\/#\/schema\/logo\/image\/","url":"https:\/\/contrastudio.co\/ca\/wp-content\/uploads\/sites\/2\/ContraStudio-Logo-Web2.svg","contentUrl":"https:\/\/contrastudio.co\/ca\/wp-content\/uploads\/sites\/2\/ContraStudio-Logo-Web2.svg","width":281,"height":39,"caption":"Contra Studio"},"image":{"@id":"https:\/\/contrastudio.co\/ca\/#\/schema\/logo\/image\/"}}]}},"_links":{"self":[{"href":"https:\/\/contrastudio.co\/ca\/wp-json\/wp\/v2\/pages\/12","targetHints":{"allow":["GET"]}}],"collection":[{"href":"https:\/\/contrastudio.co\/ca\/wp-json\/wp\/v2\/pages"}],"about":[{"href":"https:\/\/contrastudio.co\/ca\/wp-json\/wp\/v2\/types\/page"}],"author":[{"embeddable":true,"href":"https:\/\/contrastudio.co\/ca\/wp-json\/wp\/v2\/users\/1"}],"replies":[{"embeddable":true,"href":"https:\/\/contrastudio.co\/ca\/wp-json\/wp\/v2\/comments?post=12"}],"version-history":[{"count":202,"href":"https:\/\/contrastudio.co\/ca\/wp-json\/wp\/v2\/pages\/12\/revisions"}],"predecessor-version":[{"id":1851,"href":"https:\/\/contrastudio.co\/ca\/wp-json\/wp\/v2\/pages\/12\/revisions\/1851"}],"wp:attachment":[{"href":"https:\/\/contrastudio.co\/ca\/wp-json\/wp\/v2\/media?parent=12"}],"curies":[{"name":"wp","href":"https:\/\/api.w.org\/{rel}","templated":true}]}}